{"id":2021,"date":"2024-10-01T14:21:13","date_gmt":"2024-10-01T12:21:13","guid":{"rendered":"https:\/\/dondersteen-resort.com\/peluqueria-canina\/"},"modified":"2025-12-18T16:12:41","modified_gmt":"2025-12-18T15:12:41","slug":"peluqueria-canina","status":"publish","type":"page","link":"https:\/\/dondersteen-resort.com\/en\/peluqueria-canina\/","title":{"rendered":"Dog Grooming"},"content":{"rendered":"\n<div class=\"wp-block-group alignfull has-background has-global-padding is-layout-constrained wp-container-core-group-is-layout-d89aad35 wp-block-group-is-layout-constrained\" style=\"background-color:#e8f6d5;margin-top:0;margin-bottom:0;padding-top:var(--wp--preset--spacing--50);padding-right:var(--wp--preset--spacing--50);padding-bottom:var(--wp--preset--spacing--50);padding-left:var(--wp--preset--spacing--50)\">\n<div class=\"wp-block-columns alignwide are-vertically-aligned-center is-layout-flex wp-container-core-columns-is-layout-47c06fe3 wp-block-columns-is-layout-flex\">\n<div class=\"wp-block-column is-vertically-aligned-center is-layout-flow wp-block-column-is-layout-flow\" style=\"flex-basis:45%\">\n<h1 class=\"wp-block-heading pro has-contrast-2-color has-text-color has-link-color has-libre-baskerville-font-family wp-elements-88267d090dfecde325571d97cac5975f\">Dog Grooming<\/h1>\n\n\n\n<p class=\"has-medium-font-size\"><strong>Whether your pet is a guest or not, you can now book an appointment with our dog stylist at <strong>Dondersteen Resort<\/strong>.<\/strong><\/p>\n\n\n\n<div class=\"wp-block-buttons is-layout-flex wp-block-buttons-is-layout-flex\">\n<div class=\"wp-block-button ocs-trigger ocs-toggle ocs-toggle-primera-cita\"><a class=\"wp-block-button__link has-contrast-2-background-color has-background wp-element-button\" href=\"tel:0034695571077\">Book an Appointment<\/a><\/div>\n<\/div>\n<\/div>\n\n\n\n<div class=\"wp-block-column is-vertically-aligned-center is-layout-flow wp-block-column-is-layout-flow\" style=\"flex-basis:55%\">\n<div class=\"wp-block-cover is-light\" style=\"border-radius:21px\"><img loading=\"lazy\" decoding=\"async\" width=\"1000\" height=\"667\" class=\"wp-block-cover__image-background wp-image-1243\" alt=\"\" src=\"https:\/\/dondersteen-resort.com\/wp-content\/uploads\/2024\/07\/DSC06840-min-scaled-e1671184428393.jpg\" data-object-fit=\"cover\" srcset=\"https:\/\/dondersteen-resort.com\/wp-content\/uploads\/2024\/07\/DSC06840-min-scaled-e1671184428393.jpg 1000w, https:\/\/dondersteen-resort.com\/wp-content\/uploads\/2024\/07\/DSC06840-min-scaled-e1671184428393-300x200.jpg 300w, https:\/\/dondersteen-resort.com\/wp-content\/uploads\/2024\/07\/DSC06840-min-scaled-e1671184428393-768x512.jpg 768w\" sizes=\"auto, (max-width: 1000px) 100vw, 1000px\" \/><span aria-hidden=\"true\" class=\"wp-block-cover__background has-background-dim-0 has-background-dim\" style=\"background-color:#ad9d8e\"><\/span><div class=\"wp-block-cover__inner-container is-layout-flow wp-block-cover-is-layout-flow\">\n<p class=\"has-text-align-center has-large-font-size\"><\/p>\n<\/div><\/div>\n<\/div>\n<\/div>\n<\/div>\n\n\n\n<div class=\"wp-block-group alignfull has-contrast-background-color has-background has-global-padding is-layout-constrained wp-container-core-group-is-layout-0ce4e8f2 wp-block-group-is-layout-constrained\" style=\"padding-top:var(--wp--preset--spacing--30);padding-bottom:var(--wp--preset--spacing--30)\">\n<div class=\"wp-block-columns alignwide are-vertically-aligned-center is-layout-flex wp-container-core-columns-is-layout-dfca9fe2 wp-block-columns-is-layout-flex\" style=\"margin-top:0;padding-top:var(--wp--preset--spacing--30);padding-bottom:var(--wp--preset--spacing--30)\">\n<div class=\"wp-block-column is-vertically-aligned-center is-layout-flow wp-block-column-is-layout-flow\" style=\"flex-basis:60%\">\n<figure class=\"wp-block-image size-full\"><img loading=\"lazy\" decoding=\"async\" width=\"1000\" height=\"667\" src=\"https:\/\/dondersteen-resort.com\/wp-content\/uploads\/2024\/07\/DSC06549-min-scaled-e1671184746105.jpg\" alt=\"\" class=\"wp-image-1247\" srcset=\"https:\/\/dondersteen-resort.com\/wp-content\/uploads\/2024\/07\/DSC06549-min-scaled-e1671184746105.jpg 1000w, https:\/\/dondersteen-resort.com\/wp-content\/uploads\/2024\/07\/DSC06549-min-scaled-e1671184746105-300x200.jpg 300w, https:\/\/dondersteen-resort.com\/wp-content\/uploads\/2024\/07\/DSC06549-min-scaled-e1671184746105-768x512.jpg 768w\" sizes=\"auto, (max-width: 1000px) 100vw, 1000px\" \/><\/figure>\n<\/div>\n\n\n\n<div class=\"wp-block-column is-vertically-aligned-center is-layout-flow wp-block-column-is-layout-flow\" style=\"flex-basis:40%\">\n<h3 class=\"wp-block-heading is-style-default has-contrast-2-color has-text-color has-link-color wp-elements-d95311c9c9395df9aba56daac3f8050a\"><strong><strong>Discover Our Pet Grooming Service<\/strong><\/strong><\/h3>\n\n\n\n<p>We are happy to keep your dogs looking, feeling, and smelling amazing. And what could be better than picking up a clean and happy dog from our resort?<\/p>\n\n\n\n<p>Additionally, we use a range of conditioners made from <strong>natural herbal extracts<\/strong> that are both effective and respectful of your pet&#8217;s needs.<\/p>\n<\/div>\n<\/div>\n\n\n\n<div class=\"wp-block-columns alignwide are-vertically-aligned-center reverse-mobile is-layout-flex wp-container-core-columns-is-layout-d6086e17 wp-block-columns-is-layout-flex\" style=\"padding-top:var(--wp--preset--spacing--30);padding-bottom:var(--wp--preset--spacing--30)\">\n<div class=\"wp-block-column is-vertically-aligned-center is-layout-flow wp-block-column-is-layout-flow\" style=\"flex-basis:40%\">\n<h3 class=\"wp-block-heading is-style-default has-contrast-2-color has-text-color has-link-color wp-elements-36b003c9b98c1b32da7eff34a638d67f\"><strong><strong>Why Choose Our Dog Grooming Service?<\/strong><\/strong><\/h3>\n\n\n\n<p>Our experienced stylist is attentive, certified, and will consult with you to find the perfect solution, style, and\/or treatment for your dog based on their breed or the look you want them to have.<\/p>\n\n\n\n<p>That&#8217;s why we offer you the opportunity to book an appointment. Whether it&#8217;s a special bath, a cut, or de-shedding, <strong>your dog is in the best hands!<\/strong><\/p>\n<\/div>\n\n\n\n<div class=\"wp-block-column is-vertically-aligned-center is-layout-flow wp-block-column-is-layout-flow\" style=\"flex-basis:60%\">\n<figure class=\"wp-block-image size-full\"><img loading=\"lazy\" decoding=\"async\" width=\"1000\" height=\"667\" src=\"https:\/\/dondersteen-resort.com\/wp-content\/uploads\/2024\/07\/DSC06581-min-scaled-e1671184657699.jpg\" alt=\"\" class=\"wp-image-1246\" srcset=\"https:\/\/dondersteen-resort.com\/wp-content\/uploads\/2024\/07\/DSC06581-min-scaled-e1671184657699.jpg 1000w, https:\/\/dondersteen-resort.com\/wp-content\/uploads\/2024\/07\/DSC06581-min-scaled-e1671184657699-300x200.jpg 300w, https:\/\/dondersteen-resort.com\/wp-content\/uploads\/2024\/07\/DSC06581-min-scaled-e1671184657699-768x512.jpg 768w\" sizes=\"auto, (max-width: 1000px) 100vw, 1000px\" \/><\/figure>\n<\/div>\n<\/div>\n\n\n\n<div class=\"wp-block-columns alignwide are-vertically-aligned-center is-layout-flex wp-container-core-columns-is-layout-d6086e17 wp-block-columns-is-layout-flex\" style=\"padding-top:var(--wp--preset--spacing--30);padding-bottom:var(--wp--preset--spacing--30)\">\n<div class=\"wp-block-column is-vertically-aligned-center is-layout-flow wp-block-column-is-layout-flow\" style=\"flex-basis:60%\">\n<figure class=\"wp-block-image size-full\"><img loading=\"lazy\" decoding=\"async\" width=\"1000\" height=\"667\" src=\"https:\/\/dondersteen-resort.com\/wp-content\/uploads\/2024\/07\/DSC06703-min-scaled-e1671188414594.jpg\" alt=\"\" class=\"wp-image-1251\" srcset=\"https:\/\/dondersteen-resort.com\/wp-content\/uploads\/2024\/07\/DSC06703-min-scaled-e1671188414594.jpg 1000w, https:\/\/dondersteen-resort.com\/wp-content\/uploads\/2024\/07\/DSC06703-min-scaled-e1671188414594-300x200.jpg 300w, https:\/\/dondersteen-resort.com\/wp-content\/uploads\/2024\/07\/DSC06703-min-scaled-e1671188414594-768x512.jpg 768w\" sizes=\"auto, (max-width: 1000px) 100vw, 1000px\" \/><\/figure>\n<\/div>\n\n\n\n<div class=\"wp-block-column is-vertically-aligned-center is-layout-flow wp-block-column-is-layout-flow\" style=\"flex-basis:40%\">\n<h3 class=\"wp-block-heading is-style-default has-contrast-2-color has-text-color has-link-color wp-elements-b3b8d8c34c5e633d1b9d6b65ce32fe2e\"><strong><strong>Stress-Free Treatment, with Empathy and Breaks<\/strong><\/strong><\/h3>\n\n\n\n<p>We place great importance on stress-free treatment, with empathy, calmness, and breaks. This way, your dog can enjoy a relaxed and well-being environment.<\/p>\n\n\n\n<p>For your convenience, you can simply <strong>book a grooming appointment<\/strong> as an additional service when registering your dog for a stay at the Resort, or you can call to schedule just a grooming session.<\/p>\n<\/div>\n<\/div>\n\n\n\n<div style=\"height:var(--wp--preset--spacing--60)\" aria-hidden=\"true\" class=\"wp-block-spacer\"><\/div>\n<\/div>\n","protected":false},"excerpt":{"rendered":"<p>Dog Grooming Whether your pet is a guest or not, you can now book an appointment with our dog stylist at Dondersteen Resort. Discover Our Pet Grooming Service We are happy to keep your dogs looking, feeling, and smelling amazing. And what could be better than picking up a clean and happy dog from our [&hellip;]<\/p>\n","protected":false},"author":3,"featured_media":1826,"parent":0,"menu_order":0,"comment_status":"closed","ping_status":"closed","template":"page-no-title","meta":{"inline_featured_image":false,"footnotes":""},"class_list":["post-2021","page","type-page","status-publish","has-post-thumbnail","hentry"],"yoast_head":"<!-- This site is optimized with the Yoast SEO plugin v26.0 - https:\/\/yoast.com\/wordpress\/plugins\/seo\/ -->\n<title>The Dog Grooming Salon You Were Looking For. Stress-Free Care<\/title>\n<meta name=\"description\" content=\"\ud83e\udd47 Discover a dog grooming salon where your dog will want to come back. Stress-free care with empathy, calm handling and regular breaks.\" \/>\n<meta name=\"robots\" content=\"index, follow, max-snippet:-1, max-image-preview:large, max-video-preview:-1\" \/>\n<link rel=\"canonical\" href=\"https:\/\/dondersteen-resort.com\/en\/peluqueria-canina\/\" \/>\n<meta property=\"og:locale\" content=\"en_US\" \/>\n<meta property=\"og:type\" content=\"article\" \/>\n<meta property=\"og:title\" content=\"The Dog Grooming Salon You Were Looking For. Stress-Free Care\" \/>\n<meta property=\"og:description\" content=\"\ud83e\udd47 Discover a dog grooming salon where your dog will want to come back. Stress-free care with empathy, calm handling and regular breaks.\" \/>\n<meta property=\"og:url\" content=\"https:\/\/dondersteen-resort.com\/en\/peluqueria-canina\/\" \/>\n<meta property=\"og:site_name\" content=\"Dondersteen Resort\" \/>\n<meta property=\"article:modified_time\" content=\"2025-12-18T15:12:41+00:00\" \/>\n<meta property=\"og:image\" content=\"https:\/\/dondersteen-resort.com\/wp-content\/uploads\/2024\/07\/DSC06703-min-scaled-e1671188414594.jpg\" \/>\n\t<meta property=\"og:image:width\" content=\"1000\" \/>\n\t<meta property=\"og:image:height\" content=\"667\" \/>\n\t<meta property=\"og:image:type\" content=\"image\/jpeg\" \/>\n<meta name=\"twitter:card\" content=\"summary_large_image\" \/>\n<meta name=\"twitter:label1\" content=\"Est. reading time\" \/>\n\t<meta name=\"twitter:data1\" content=\"2 minutes\" \/>\n<script type=\"application\/ld+json\" class=\"yoast-schema-graph\">{\"@context\":\"https:\/\/schema.org\",\"@graph\":[{\"@type\":\"WebPage\",\"@id\":\"https:\/\/dondersteen-resort.com\/en\/peluqueria-canina\/\",\"url\":\"https:\/\/dondersteen-resort.com\/en\/peluqueria-canina\/\",\"name\":\"The Dog Grooming Salon You Were Looking For. Stress-Free Care\",\"isPartOf\":{\"@id\":\"https:\/\/dondersteen-resort.com\/en\/#website\"},\"primaryImageOfPage\":{\"@id\":\"https:\/\/dondersteen-resort.com\/en\/peluqueria-canina\/#primaryimage\"},\"image\":{\"@id\":\"https:\/\/dondersteen-resort.com\/en\/peluqueria-canina\/#primaryimage\"},\"thumbnailUrl\":\"https:\/\/dondersteen-resort.com\/wp-content\/uploads\/2024\/07\/DSC06703-min-scaled-e1671188414594.jpg\",\"datePublished\":\"2024-10-01T12:21:13+00:00\",\"dateModified\":\"2025-12-18T15:12:41+00:00\",\"description\":\"\ud83e\udd47 Discover a dog grooming salon where your dog will want to come back. Stress-free care with empathy, calm handling and regular breaks.\",\"inLanguage\":\"en-US\",\"potentialAction\":[{\"@type\":\"ReadAction\",\"target\":[\"https:\/\/dondersteen-resort.com\/en\/peluqueria-canina\/\"]}]},{\"@type\":\"ImageObject\",\"inLanguage\":\"en-US\",\"@id\":\"https:\/\/dondersteen-resort.com\/en\/peluqueria-canina\/#primaryimage\",\"url\":\"https:\/\/dondersteen-resort.com\/wp-content\/uploads\/2024\/07\/DSC06703-min-scaled-e1671188414594.jpg\",\"contentUrl\":\"https:\/\/dondersteen-resort.com\/wp-content\/uploads\/2024\/07\/DSC06703-min-scaled-e1671188414594.jpg\",\"width\":1000,\"height\":667},{\"@type\":\"WebSite\",\"@id\":\"https:\/\/dondersteen-resort.com\/en\/#website\",\"url\":\"https:\/\/dondersteen-resort.com\/en\/\",\"name\":\"Dondersteen Resort\",\"description\":\"Cam\u00ed de Can Sol\u00e9 Mar\u00ed 6 (anteriormente Cam\u00ed Mas Dorca s\/n), 08480 L\u2019Ametlla del Vall\u00e9s (Barcelona)&lt;br&gt;Reservas hotel: (+34) 645 254 587&lt;br&gt;Reservas Peluquer\u00eda: (+34) 695 57 10 77&lt;br&gt;&lt;a href=&quot;mailto:info@dondersteen-resort.com&quot;&gt;info@dondersteen-resort.com&lt;\/a&gt;&lt;br&gt;\",\"publisher\":{\"@id\":\"https:\/\/dondersteen-resort.com\/en\/#organization\"},\"potentialAction\":[{\"@type\":\"SearchAction\",\"target\":{\"@type\":\"EntryPoint\",\"urlTemplate\":\"https:\/\/dondersteen-resort.com\/en\/?s={search_term_string}\"},\"query-input\":{\"@type\":\"PropertyValueSpecification\",\"valueRequired\":true,\"valueName\":\"search_term_string\"}}],\"inLanguage\":\"en-US\"},{\"@type\":\"Organization\",\"@id\":\"https:\/\/dondersteen-resort.com\/en\/#organization\",\"name\":\"Dondersteen Resort\",\"url\":\"https:\/\/dondersteen-resort.com\/en\/\",\"logo\":{\"@type\":\"ImageObject\",\"inLanguage\":\"en-US\",\"@id\":\"https:\/\/dondersteen-resort.com\/en\/#\/schema\/logo\/image\/\",\"url\":\"https:\/\/dondersteen-resort.com\/wp-content\/uploads\/2024\/07\/dondersteen-resort-logo-menu.png\",\"contentUrl\":\"https:\/\/dondersteen-resort.com\/wp-content\/uploads\/2024\/07\/dondersteen-resort-logo-menu.png\",\"width\":792,\"height\":292,\"caption\":\"Dondersteen Resort\"},\"image\":{\"@id\":\"https:\/\/dondersteen-resort.com\/en\/#\/schema\/logo\/image\/\"}}]}<\/script>\n<!-- \/ Yoast SEO plugin. -->","yoast_head_json":{"title":"The Dog Grooming Salon You Were Looking For. Stress-Free Care","description":"\ud83e\udd47 Discover a dog grooming salon where your dog will want to come back. Stress-free care with empathy, calm handling and regular breaks.","robots":{"index":"index","follow":"follow","max-snippet":"max-snippet:-1","max-image-preview":"max-image-preview:large","max-video-preview":"max-video-preview:-1"},"canonical":"https:\/\/dondersteen-resort.com\/en\/peluqueria-canina\/","og_locale":"en_US","og_type":"article","og_title":"The Dog Grooming Salon You Were Looking For. Stress-Free Care","og_description":"\ud83e\udd47 Discover a dog grooming salon where your dog will want to come back. Stress-free care with empathy, calm handling and regular breaks.","og_url":"https:\/\/dondersteen-resort.com\/en\/peluqueria-canina\/","og_site_name":"Dondersteen Resort","article_modified_time":"2025-12-18T15:12:41+00:00","og_image":[{"width":1000,"height":667,"url":"https:\/\/dondersteen-resort.com\/wp-content\/uploads\/2024\/07\/DSC06703-min-scaled-e1671188414594.jpg","type":"image\/jpeg"}],"twitter_card":"summary_large_image","twitter_misc":{"Est. reading time":"2 minutes"},"schema":{"@context":"https:\/\/schema.org","@graph":[{"@type":"WebPage","@id":"https:\/\/dondersteen-resort.com\/en\/peluqueria-canina\/","url":"https:\/\/dondersteen-resort.com\/en\/peluqueria-canina\/","name":"The Dog Grooming Salon You Were Looking For. Stress-Free Care","isPartOf":{"@id":"https:\/\/dondersteen-resort.com\/en\/#website"},"primaryImageOfPage":{"@id":"https:\/\/dondersteen-resort.com\/en\/peluqueria-canina\/#primaryimage"},"image":{"@id":"https:\/\/dondersteen-resort.com\/en\/peluqueria-canina\/#primaryimage"},"thumbnailUrl":"https:\/\/dondersteen-resort.com\/wp-content\/uploads\/2024\/07\/DSC06703-min-scaled-e1671188414594.jpg","datePublished":"2024-10-01T12:21:13+00:00","dateModified":"2025-12-18T15:12:41+00:00","description":"\ud83e\udd47 Discover a dog grooming salon where your dog will want to come back. Stress-free care with empathy, calm handling and regular breaks.","inLanguage":"en-US","potentialAction":[{"@type":"ReadAction","target":["https:\/\/dondersteen-resort.com\/en\/peluqueria-canina\/"]}]},{"@type":"ImageObject","inLanguage":"en-US","@id":"https:\/\/dondersteen-resort.com\/en\/peluqueria-canina\/#primaryimage","url":"https:\/\/dondersteen-resort.com\/wp-content\/uploads\/2024\/07\/DSC06703-min-scaled-e1671188414594.jpg","contentUrl":"https:\/\/dondersteen-resort.com\/wp-content\/uploads\/2024\/07\/DSC06703-min-scaled-e1671188414594.jpg","width":1000,"height":667},{"@type":"WebSite","@id":"https:\/\/dondersteen-resort.com\/en\/#website","url":"https:\/\/dondersteen-resort.com\/en\/","name":"Dondersteen Resort","description":"Cam\u00ed de Can Sol\u00e9 Mar\u00ed 6 (anteriormente Cam\u00ed Mas Dorca s\/n), 08480 L\u2019Ametlla del Vall\u00e9s (Barcelona)&lt;br&gt;Reservas hotel: (+34) 645 254 587&lt;br&gt;Reservas Peluquer\u00eda: (+34) 695 57 10 77&lt;br&gt;&lt;a href=&quot;mailto:info@dondersteen-resort.com&quot;&gt;info@dondersteen-resort.com&lt;\/a&gt;&lt;br&gt;","publisher":{"@id":"https:\/\/dondersteen-resort.com\/en\/#organization"},"potentialAction":[{"@type":"SearchAction","target":{"@type":"EntryPoint","urlTemplate":"https:\/\/dondersteen-resort.com\/en\/?s={search_term_string}"},"query-input":{"@type":"PropertyValueSpecification","valueRequired":true,"valueName":"search_term_string"}}],"inLanguage":"en-US"},{"@type":"Organization","@id":"https:\/\/dondersteen-resort.com\/en\/#organization","name":"Dondersteen Resort","url":"https:\/\/dondersteen-resort.com\/en\/","logo":{"@type":"ImageObject","inLanguage":"en-US","@id":"https:\/\/dondersteen-resort.com\/en\/#\/schema\/logo\/image\/","url":"https:\/\/dondersteen-resort.com\/wp-content\/uploads\/2024\/07\/dondersteen-resort-logo-menu.png","contentUrl":"https:\/\/dondersteen-resort.com\/wp-content\/uploads\/2024\/07\/dondersteen-resort-logo-menu.png","width":792,"height":292,"caption":"Dondersteen Resort"},"image":{"@id":"https:\/\/dondersteen-resort.com\/en\/#\/schema\/logo\/image\/"}}]}},"_links":{"self":[{"href":"https:\/\/dondersteen-resort.com\/en\/wp-json\/wp\/v2\/pages\/2021","targetHints":{"allow":["GET"]}}],"collection":[{"href":"https:\/\/dondersteen-resort.com\/en\/wp-json\/wp\/v2\/pages"}],"about":[{"href":"https:\/\/dondersteen-resort.com\/en\/wp-json\/wp\/v2\/types\/page"}],"author":[{"embeddable":true,"href":"https:\/\/dondersteen-resort.com\/en\/wp-json\/wp\/v2\/users\/3"}],"replies":[{"embeddable":true,"href":"https:\/\/dondersteen-resort.com\/en\/wp-json\/wp\/v2\/comments?post=2021"}],"version-history":[{"count":8,"href":"https:\/\/dondersteen-resort.com\/en\/wp-json\/wp\/v2\/pages\/2021\/revisions"}],"predecessor-version":[{"id":2527,"href":"https:\/\/dondersteen-resort.com\/en\/wp-json\/wp\/v2\/pages\/2021\/revisions\/2527"}],"wp:featuredmedia":[{"embeddable":true,"href":"https:\/\/dondersteen-resort.com\/en\/wp-json\/wp\/v2\/media\/1826"}],"wp:attachment":[{"href":"https:\/\/dondersteen-resort.com\/en\/wp-json\/wp\/v2\/media?parent=2021"}],"curies":[{"name":"wp","href":"https:\/\/api.w.org\/{rel}","templated":true}]}}