{"id":2412,"date":"2024-01-24T15:48:01","date_gmt":"2024-01-24T14:48:01","guid":{"rendered":"https:\/\/dondersteen-resort.com\/politica-privacidad\/"},"modified":"2025-10-08T10:24:42","modified_gmt":"2025-10-08T08:24:42","slug":"politica-privacidad","status":"publish","type":"page","link":"https:\/\/dondersteen-resort.com\/en\/politica-privacidad\/","title":{"rendered":"Privacy Policy"},"content":{"rendered":"\n<div class=\"wp-block-group alignwide is-layout-flow wp-block-group-is-layout-flow\">\n<p>The Owner informs you about its Privacy Policy regarding the processing and protection of personal data of users that may be collected while browsing the Website: <a href=\"https:\/\/dondersteen-resort.com\/en\/\">https:\/\/dondersteen-resort.com<\/a><\/p>\n\n\n\n<p>In this regard, the Owner guarantees compliance with the current regulations on personal data protection, reflected in Organic Law 3\/2018 of December 5 on the Protection of Personal Data and the Guarantee of Digital Rights (LOPD GDD). It also complies with Regulation (EU) 2016\/679 of the European Parliament and of the Council of April 27, 2016, on the protection of natural persons (GDPR).<\/p>\n\n\n\n<p>Use of the Website implies acceptance of this Privacy Policy as well as the conditions included in the Legal Notice.<\/p>\n\n\n\n<div style=\"height:30px\" aria-hidden=\"true\" class=\"wp-block-spacer\"><\/div>\n\n\n\n<h2 class=\"wp-block-heading has-contrast-2-color has-text-color has-link-color has-large-font-size wp-elements-46996df12cb60acd6c9e86361224648d\"><strong>Identity of the Data Controller<\/strong><\/h2>\n\n\n\n<ul class=\"wp-block-list\">\n<li>Controller: Dondersteen Resort<\/li>\n\n\n\n<li>Address: Ametlla del Vall\u00e8s, Barcelona &#8211; Spain<\/li>\n\n\n\n<li>Email: <a href=\"mailto:info@dondersteen-resort.com\">info@dondersteen-resort.com<\/a><\/li>\n\n\n\n<li>Website: <a href=\"https:\/\/dondersteen-resort.com\/en\/\">https:\/\/dondersteen-resort.com<\/a><\/li>\n<\/ul>\n\n\n\n<div style=\"height:30px\" aria-hidden=\"true\" class=\"wp-block-spacer\"><\/div>\n\n\n\n<h2 class=\"wp-block-heading has-contrast-2-color has-text-color has-link-color has-large-font-size wp-elements-1f24571d3612928cb0c48982d3006564\"><strong>Principles Applied in Data Processing<\/strong><\/h2>\n\n\n\n<p>When processing your personal data, the Owner will apply the following principles, in accordance with GDPR requirements:<\/p>\n\n\n\n<ul class=\"wp-block-list\">\n<li><strong>Lawfulness, fairness, and transparency:<\/strong> The Owner will always require consent for the processing of personal data, which may be for one or more specific purposes, about which the User will be informed in advance with absolute transparency.<\/li>\n\n\n\n<li><strong>Data minimization:<\/strong> The Owner will request only the strictly necessary data for the purpose or purposes for which it is requested.<\/li>\n\n\n\n<li><strong>Storage limitation:<\/strong> The Owner will keep the collected personal data only for the time strictly necessary for the purpose(s) of processing. The User will be informed of the corresponding retention period according to the purpose. In the case of subscriptions, the Owner will periodically review the lists and delete records that have been inactive for a considerable time.<\/li>\n\n\n\n<li><strong>Integrity and confidentiality:<\/strong> Personal data will be processed in such a way that its security, confidentiality, and integrity are guaranteed. The Owner takes the necessary precautions to prevent unauthorized access or misuse of users\u2019 data by third parties.<\/li>\n<\/ul>\n\n\n\n<div style=\"height:30px\" aria-hidden=\"true\" class=\"wp-block-spacer\"><\/div>\n\n\n\n<h2 class=\"wp-block-heading has-contrast-2-color has-text-color has-link-color has-large-font-size wp-elements-231646abd682b47e13bec7b245606310\"><strong>Collection of Personal Data<\/strong><\/h2>\n\n\n\n<p>No personal data is required to browse the Website.<\/p>\n\n\n\n<div style=\"height:30px\" aria-hidden=\"true\" class=\"wp-block-spacer\"><\/div>\n\n\n\n<h2 class=\"wp-block-heading has-contrast-2-color has-text-color has-link-color has-large-font-size wp-elements-22102304f5a8a17fa6491036fc58d8f6\"><strong>User Rights<\/strong><\/h2>\n\n\n\n<p>The Owner informs you that you have the right to:<\/p>\n\n\n\n<ul class=\"wp-block-list\">\n<li>Request access to stored data<\/li>\n\n\n\n<li>Request rectification or erasure<\/li>\n\n\n\n<li>Request restriction of processing<\/li>\n\n\n\n<li>Object to processing<\/li>\n<\/ul>\n\n\n\n<p>You cannot exercise the right to data portability.<\/p>\n\n\n\n<p>The exercise of these rights must be done personally by the data subject, which means that any client, subscriber, or collaborator who has provided their data at any time may contact the Owner to request information about the data stored, how it was obtained, request rectification, object to processing, restrict use, or request deletion.<\/p>\n\n\n\n<p>To exercise these rights, you must send your request along with a photocopy of your National Identity Document or equivalent to the email address: <a href=\"mailto:info@dondersteen-resort.com\">info@dondersteen-resort.com<\/a>.<\/p>\n\n\n\n<p>The exercise of these rights does not include any data the Owner is obliged to keep for administrative, legal, or security purposes.<\/p>\n\n\n\n<p>You also have the right to effective judicial protection and to file a complaint before the supervisory authority \u2014 in this case, the Spanish Data Protection Agency \u2014 if you believe that the processing of your personal data infringes the Regulation.<\/p>\n\n\n\n<div style=\"height:30px\" aria-hidden=\"true\" class=\"wp-block-spacer\"><\/div>\n\n\n\n<h2 class=\"wp-block-heading has-contrast-2-color has-text-color has-link-color has-large-font-size wp-elements-7fdbcafcef304ce527515d05e11e0358\"><strong>Purpose of Data Processing<\/strong><\/h2>\n\n\n\n<p>When you connect to the Website to send an email to the Owner, subscribe to a newsletter, you are providing personal information for which the Owner is responsible. This may include personal data such as your IP address, name, surname, physical address, email address, phone number, and other information. By providing this information, you consent to its collection, use, management, and storage by \u2014 1&amp;1 IONOS Espa\u00f1a S.L.U. \u2014 only as described in:<\/p>\n\n\n\n<ul class=\"wp-block-list\">\n<li>Legal Notice<\/li>\n\n\n\n<li>Privacy Policy<\/li>\n<\/ul>\n\n\n\n<p>The processing of personal data by the Owner varies depending on the method of data capture.<\/p>\n\n\n\n<p>Other purposes include:<\/p>\n\n\n\n<ul class=\"wp-block-list\">\n<li>To ensure compliance with the conditions outlined in the Legal Notice and applicable law. This may involve developing tools and algorithms that help ensure the Website guarantees the confidentiality of collected personal data.<\/li>\n\n\n\n<li>To support and improve the services offered by this Website.<\/li>\n\n\n\n<li>To analyze user browsing behavior. The Owner collects non-identifiable data obtained through cookies that are downloaded to the User\u2019s computer when browsing, as detailed in the Cookie Policy page.<\/li>\n<\/ul>\n\n\n\n<div style=\"height:30px\" aria-hidden=\"true\" class=\"wp-block-spacer\"><\/div>\n\n\n\n<h2 class=\"wp-block-heading has-contrast-2-color has-text-color has-link-color has-large-font-size wp-elements-2a5b61e4e4f287f952cf16891db05530\"><strong>Security of Personal Data<\/strong><\/h2>\n\n\n\n<p>To protect your personal data, the Owner takes all reasonable precautions and follows industry best practices to prevent its loss, misuse, unauthorized access, disclosure, alteration, or destruction.<\/p>\n\n\n\n<p>The Website is hosted by 1&amp;1 IONOS Espa\u00f1a S.L.U. Data security is guaranteed as they take all necessary security measures. You can consult their privacy policy for more information.<\/p>\n\n\n\n<p>The Owner informs the User that their personal data will not be transferred to third-party organizations except where there is a legal obligation or where the provision of a service requires a contractual relationship with a data processor. In such cases, data transfer will only take place with the express consent of the User.<\/p>\n\n\n\n<p>In some cases, collaboration with other professionals may occur, in which case the User\u2019s consent will be required, providing information about the collaborator\u2019s identity and purpose of the collaboration, always ensuring maximum security standards.<\/p>\n\n\n\n<div style=\"height:30px\" aria-hidden=\"true\" class=\"wp-block-spacer\"><\/div>\n\n\n\n<h2 class=\"wp-block-heading has-contrast-2-color has-text-color has-link-color has-large-font-size wp-elements-eaf8dd1f3d04ddb7c12839bd5235a2ec\"><strong>Content from Other Websites<\/strong><\/h2>\n\n\n\n<p>The pages of this Website may include embedded content (videos, images, articles, etc.). Embedded content from other websites behaves exactly as if the User had visited the other website directly.<\/p>\n\n\n\n<p>These websites may collect data about you, use cookies, embed additional third-party tracking, and monitor your interaction using such embedded content.<\/p>\n\n\n\n<div style=\"height:30px\" aria-hidden=\"true\" class=\"wp-block-spacer\"><\/div>\n\n\n\n<h2 class=\"wp-block-heading has-contrast-2-color has-text-color has-link-color has-large-font-size wp-elements-d7407a2cac851ee03e8b2f8ad34d26bf\"><strong>Cookie Policy<\/strong><\/h2>\n\n\n\n<p>For this Website to function properly, it uses cookies, which are small data files stored in your browser.<br>You can consult detailed information about the collection and processing of cookies in the Cookie Policy page.<\/p>\n\n\n\n<div style=\"height:30px\" aria-hidden=\"true\" class=\"wp-block-spacer\"><\/div>\n\n\n\n<h2 class=\"wp-block-heading has-contrast-2-color has-text-color has-link-color has-large-font-size wp-elements-18039ee3db6470320a7e497e30b07cc0\"><strong>Legal Basis for Data Processing<\/strong><\/h2>\n\n\n\n<p>The legal basis for the processing of your data is:<\/p>\n\n\n\n<ul class=\"wp-block-list\">\n<li>The User\u2019s consent.<\/li>\n<\/ul>\n\n\n\n<div style=\"height:30px\" aria-hidden=\"true\" class=\"wp-block-spacer\"><\/div>\n\n\n\n<h2 class=\"wp-block-heading has-contrast-2-color has-text-color has-link-color has-large-font-size wp-elements-c18f5789249707ddcc78ec5d9d9a5d19\"><strong>Categories of Personal Data<\/strong><\/h2>\n\n\n\n<p>The categories of personal data processed by the Owner are:<\/p>\n\n\n\n<ul class=\"wp-block-list\">\n<li>Identifying data.<\/li>\n\n\n\n<li>No specially protected data categories are processed.<\/li>\n<\/ul>\n\n\n\n<div style=\"height:30px\" aria-hidden=\"true\" class=\"wp-block-spacer\"><\/div>\n\n\n\n<h2 class=\"wp-block-heading has-contrast-2-color has-text-color has-link-color has-large-font-size wp-elements-9202ac5b250f4f45b8b4f0bce4ee8fb1\"><strong>Retention of Personal Data<\/strong><\/h2>\n\n\n\n<p>The personal data provided will be retained until you request its deletion.<\/p>\n\n\n\n<div style=\"height:30px\" aria-hidden=\"true\" class=\"wp-block-spacer\"><\/div>\n\n\n\n<h2 class=\"wp-block-heading has-contrast-2-color has-text-color has-link-color has-large-font-size wp-elements-aa36307d6069efb131257b267aea2723\"><strong>Web Browsing<\/strong><\/h2>\n\n\n\n<p>When browsing the Website, non-identifying data may be collected, including IP address, geolocation, records of service usage, browsing habits, and other non-identifiable data.<\/p>\n\n\n\n<p>The Website uses the following third-party analytics services:<br>The Owner uses the information obtained to gather statistics, analyze trends, administer the site, study browsing patterns, and collect demographic information.<\/p>\n\n\n\n<p>The Owner is not responsible for the processing of personal data carried out by websites accessible through the links contained in this Website.<\/p>\n\n\n\n<div style=\"height:30px\" aria-hidden=\"true\" class=\"wp-block-spacer\"><\/div>\n\n\n\n<h2 class=\"wp-block-heading has-contrast-2-color has-text-color has-link-color has-large-font-size wp-elements-c70f2d4884d42d1f5b3d08da9c112157\"><strong>Accuracy and Truthfulness of Personal Data<\/strong><\/h2>\n\n\n\n<p>You agree that the data provided to the Owner is correct, complete, accurate, and up to date, and undertake to keep it duly updated.<\/p>\n\n\n\n<p>As a User of the Website, you are solely responsible for the accuracy and correctness of the data submitted, releasing the Owner from any liability in this regard.<\/p>\n\n\n\n<div style=\"height:30px\" aria-hidden=\"true\" class=\"wp-block-spacer\"><\/div>\n\n\n\n<h2 class=\"wp-block-heading has-contrast-2-color has-text-color has-link-color has-large-font-size wp-elements-f7bb437395473cb638b79d4fbcc4d744\"><strong>Acceptance and Consent<\/strong><\/h2>\n\n\n\n<p>As a User of the Website, you declare that you have been informed of the conditions regarding the protection of personal data, and you accept and consent to the processing of such data by the Owner in the manner and for the purposes stated in this Privacy Policy.<\/p>\n\n\n\n<p>To contact the Owner, subscribe to a newsletter, or make comments on this Website, you must accept this Privacy Policy.<\/p>\n\n\n\n<div style=\"height:30px\" aria-hidden=\"true\" class=\"wp-block-spacer\"><\/div>\n\n\n\n<h2 class=\"wp-block-heading has-contrast-2-color has-text-color has-link-color has-large-font-size wp-elements-da19774febe4bcccaa892293e9627d80\"><strong>Changes to the Privacy Policy<\/strong><\/h2>\n\n\n\n<p>The Owner reserves the right to modify this Privacy Policy to adapt it to legislative or jurisprudential developments, as well as industry practices.<\/p>\n\n\n\n<p>These policies will remain in effect until they are replaced by duly published updates.<\/p>\n\n\n\n<div style=\"height:40px\" aria-hidden=\"true\" class=\"wp-block-spacer\"><\/div>\n<\/div>\n","protected":false},"excerpt":{"rendered":"<p>The Owner informs you about its Privacy Policy regarding the processing and protection of personal data of users that may be collected while browsing the Website: https:\/\/dondersteen-resort.com In this regard, the Owner guarantees compliance with the current regulations on personal data protection, reflected in Organic Law 3\/2018 of December 5 on the Protection of Personal [&hellip;]<\/p>\n","protected":false},"author":3,"featured_media":0,"parent":0,"menu_order":0,"comment_status":"closed","ping_status":"open","template":"","meta":{"inline_featured_image":false,"footnotes":""},"class_list":["post-2412","page","type-page","status-publish","hentry"],"yoast_head":"<!-- This site is optimized with the Yoast SEO plugin v26.0 - https:\/\/yoast.com\/wordpress\/plugins\/seo\/ -->\n<title>Privacy Policy - Dondersteen Resort<\/title>\n<meta name=\"robots\" content=\"index, follow, max-snippet:-1, max-image-preview:large, max-video-preview:-1\" \/>\n<link rel=\"canonical\" href=\"https:\/\/dondersteen-resort.com\/en\/politica-privacidad\/\" \/>\n<meta property=\"og:locale\" content=\"en_US\" \/>\n<meta property=\"og:type\" content=\"article\" \/>\n<meta property=\"og:title\" content=\"Privacy Policy - Dondersteen Resort\" \/>\n<meta property=\"og:description\" content=\"The Owner informs you about its Privacy Policy regarding the processing and protection of personal data of users that may be collected while browsing the Website: https:\/\/dondersteen-resort.com In this regard, the Owner guarantees compliance with the current regulations on personal data protection, reflected in Organic Law 3\/2018 of December 5 on the Protection of Personal [&hellip;]\" \/>\n<meta property=\"og:url\" content=\"https:\/\/dondersteen-resort.com\/en\/politica-privacidad\/\" \/>\n<meta property=\"og:site_name\" content=\"Dondersteen Resort\" \/>\n<meta property=\"article:modified_time\" content=\"2025-10-08T08:24:42+00:00\" \/>\n<meta name=\"twitter:card\" content=\"summary_large_image\" \/>\n<meta name=\"twitter:label1\" content=\"Est. reading time\" \/>\n\t<meta name=\"twitter:data1\" content=\"6 minutes\" \/>\n<script type=\"application\/ld+json\" class=\"yoast-schema-graph\">{\"@context\":\"https:\/\/schema.org\",\"@graph\":[{\"@type\":\"WebPage\",\"@id\":\"https:\/\/dondersteen-resort.com\/en\/politica-privacidad\/\",\"url\":\"https:\/\/dondersteen-resort.com\/en\/politica-privacidad\/\",\"name\":\"Privacy Policy - Dondersteen Resort\",\"isPartOf\":{\"@id\":\"https:\/\/dondersteen-resort.com\/en\/#website\"},\"datePublished\":\"2024-01-24T14:48:01+00:00\",\"dateModified\":\"2025-10-08T08:24:42+00:00\",\"inLanguage\":\"en-US\",\"potentialAction\":[{\"@type\":\"ReadAction\",\"target\":[\"https:\/\/dondersteen-resort.com\/en\/politica-privacidad\/\"]}]},{\"@type\":\"WebSite\",\"@id\":\"https:\/\/dondersteen-resort.com\/en\/#website\",\"url\":\"https:\/\/dondersteen-resort.com\/en\/\",\"name\":\"Dondersteen Resort\",\"description\":\"Cam\u00ed de Can Sol\u00e9 Mar\u00ed 6 (anteriormente Cam\u00ed Mas Dorca s\/n), 08480 L\u2019Ametlla del Vall\u00e9s (Barcelona)&lt;br&gt;Reservas hotel: (+34) 645 254 587&lt;br&gt;Reservas Peluquer\u00eda: (+34) 695 57 10 77&lt;br&gt;&lt;a href=&quot;mailto:info@dondersteen-resort.com&quot;&gt;info@dondersteen-resort.com&lt;\/a&gt;&lt;br&gt;\",\"publisher\":{\"@id\":\"https:\/\/dondersteen-resort.com\/en\/#organization\"},\"potentialAction\":[{\"@type\":\"SearchAction\",\"target\":{\"@type\":\"EntryPoint\",\"urlTemplate\":\"https:\/\/dondersteen-resort.com\/en\/?s={search_term_string}\"},\"query-input\":{\"@type\":\"PropertyValueSpecification\",\"valueRequired\":true,\"valueName\":\"search_term_string\"}}],\"inLanguage\":\"en-US\"},{\"@type\":\"Organization\",\"@id\":\"https:\/\/dondersteen-resort.com\/en\/#organization\",\"name\":\"Dondersteen Resort\",\"url\":\"https:\/\/dondersteen-resort.com\/en\/\",\"logo\":{\"@type\":\"ImageObject\",\"inLanguage\":\"en-US\",\"@id\":\"https:\/\/dondersteen-resort.com\/en\/#\/schema\/logo\/image\/\",\"url\":\"https:\/\/dondersteen-resort.com\/wp-content\/uploads\/2024\/07\/dondersteen-resort-logo-menu.png\",\"contentUrl\":\"https:\/\/dondersteen-resort.com\/wp-content\/uploads\/2024\/07\/dondersteen-resort-logo-menu.png\",\"width\":792,\"height\":292,\"caption\":\"Dondersteen Resort\"},\"image\":{\"@id\":\"https:\/\/dondersteen-resort.com\/en\/#\/schema\/logo\/image\/\"}}]}<\/script>\n<!-- \/ Yoast SEO plugin. -->","yoast_head_json":{"title":"Privacy Policy - Dondersteen Resort","robots":{"index":"index","follow":"follow","max-snippet":"max-snippet:-1","max-image-preview":"max-image-preview:large","max-video-preview":"max-video-preview:-1"},"canonical":"https:\/\/dondersteen-resort.com\/en\/politica-privacidad\/","og_locale":"en_US","og_type":"article","og_title":"Privacy Policy - Dondersteen Resort","og_description":"The Owner informs you about its Privacy Policy regarding the processing and protection of personal data of users that may be collected while browsing the Website: https:\/\/dondersteen-resort.com In this regard, the Owner guarantees compliance with the current regulations on personal data protection, reflected in Organic Law 3\/2018 of December 5 on the Protection of Personal [&hellip;]","og_url":"https:\/\/dondersteen-resort.com\/en\/politica-privacidad\/","og_site_name":"Dondersteen Resort","article_modified_time":"2025-10-08T08:24:42+00:00","twitter_card":"summary_large_image","twitter_misc":{"Est. reading time":"6 minutes"},"schema":{"@context":"https:\/\/schema.org","@graph":[{"@type":"WebPage","@id":"https:\/\/dondersteen-resort.com\/en\/politica-privacidad\/","url":"https:\/\/dondersteen-resort.com\/en\/politica-privacidad\/","name":"Privacy Policy - Dondersteen Resort","isPartOf":{"@id":"https:\/\/dondersteen-resort.com\/en\/#website"},"datePublished":"2024-01-24T14:48:01+00:00","dateModified":"2025-10-08T08:24:42+00:00","inLanguage":"en-US","potentialAction":[{"@type":"ReadAction","target":["https:\/\/dondersteen-resort.com\/en\/politica-privacidad\/"]}]},{"@type":"WebSite","@id":"https:\/\/dondersteen-resort.com\/en\/#website","url":"https:\/\/dondersteen-resort.com\/en\/","name":"Dondersteen Resort","description":"Cam\u00ed de Can Sol\u00e9 Mar\u00ed 6 (anteriormente Cam\u00ed Mas Dorca s\/n), 08480 L\u2019Ametlla del Vall\u00e9s (Barcelona)&lt;br&gt;Reservas hotel: (+34) 645 254 587&lt;br&gt;Reservas Peluquer\u00eda: (+34) 695 57 10 77&lt;br&gt;&lt;a href=&quot;mailto:info@dondersteen-resort.com&quot;&gt;info@dondersteen-resort.com&lt;\/a&gt;&lt;br&gt;","publisher":{"@id":"https:\/\/dondersteen-resort.com\/en\/#organization"},"potentialAction":[{"@type":"SearchAction","target":{"@type":"EntryPoint","urlTemplate":"https:\/\/dondersteen-resort.com\/en\/?s={search_term_string}"},"query-input":{"@type":"PropertyValueSpecification","valueRequired":true,"valueName":"search_term_string"}}],"inLanguage":"en-US"},{"@type":"Organization","@id":"https:\/\/dondersteen-resort.com\/en\/#organization","name":"Dondersteen Resort","url":"https:\/\/dondersteen-resort.com\/en\/","logo":{"@type":"ImageObject","inLanguage":"en-US","@id":"https:\/\/dondersteen-resort.com\/en\/#\/schema\/logo\/image\/","url":"https:\/\/dondersteen-resort.com\/wp-content\/uploads\/2024\/07\/dondersteen-resort-logo-menu.png","contentUrl":"https:\/\/dondersteen-resort.com\/wp-content\/uploads\/2024\/07\/dondersteen-resort-logo-menu.png","width":792,"height":292,"caption":"Dondersteen Resort"},"image":{"@id":"https:\/\/dondersteen-resort.com\/en\/#\/schema\/logo\/image\/"}}]}},"_links":{"self":[{"href":"https:\/\/dondersteen-resort.com\/en\/wp-json\/wp\/v2\/pages\/2412","targetHints":{"allow":["GET"]}}],"collection":[{"href":"https:\/\/dondersteen-resort.com\/en\/wp-json\/wp\/v2\/pages"}],"about":[{"href":"https:\/\/dondersteen-resort.com\/en\/wp-json\/wp\/v2\/types\/page"}],"author":[{"embeddable":true,"href":"https:\/\/dondersteen-resort.com\/en\/wp-json\/wp\/v2\/users\/3"}],"replies":[{"embeddable":true,"href":"https:\/\/dondersteen-resort.com\/en\/wp-json\/wp\/v2\/comments?post=2412"}],"version-history":[{"count":4,"href":"https:\/\/dondersteen-resort.com\/en\/wp-json\/wp\/v2\/pages\/2412\/revisions"}],"predecessor-version":[{"id":2418,"href":"https:\/\/dondersteen-resort.com\/en\/wp-json\/wp\/v2\/pages\/2412\/revisions\/2418"}],"wp:attachment":[{"href":"https:\/\/dondersteen-resort.com\/en\/wp-json\/wp\/v2\/media?parent=2412"}],"curies":[{"name":"wp","href":"https:\/\/api.w.org\/{rel}","templated":true}]}}