{"id":2425,"date":"2025-10-07T15:18:38","date_gmt":"2025-10-07T13:18:38","guid":{"rendered":"https:\/\/dondersteen-resort.com\/aviso-legal\/"},"modified":"2025-10-08T11:24:01","modified_gmt":"2025-10-08T09:24:01","slug":"aviso-legal","status":"publish","type":"page","link":"https:\/\/dondersteen-resort.com\/en\/aviso-legal\/","title":{"rendered":"Legal Notice"},"content":{"rendered":"\n<div class=\"wp-block-group alignwide is-layout-flow wp-block-group-is-layout-flow\">\n<h2 class=\"wp-block-heading has-contrast-2-color has-text-color has-link-color has-large-font-size wp-elements-70346b6e6d62b0c029f7cfc9dfd6a89b\"><strong>Identification and Ownership<\/strong><\/h2>\n\n\n\n<p>In compliance with Article 10 of Law 34\/2002, of 11 July, on Information Society Services and Electronic Commerce, the Owner sets out the following identification details:<\/p>\n\n\n\n<ul class=\"wp-block-list\">\n<li><strong>Owner:<\/strong> Dondersteen Resort<\/li>\n\n\n\n<li><strong>Address:<\/strong> Ametlla del Vall\u00e8s, Barcelona \u2013 Spain<\/li>\n\n\n\n<li><strong>Email:<\/strong> <a href=\"mailto:info@dondersteen-resort.com\">info@dondersteen-resort.com<\/a><\/li>\n\n\n\n<li><strong>Website:<\/strong> <a href=\"https:\/\/dondersteen-resort.com\/en\/\">https:\/\/dondersteen-resort.com<\/a><\/li>\n<\/ul>\n\n\n\n<div style=\"height:30px\" aria-hidden=\"true\" class=\"wp-block-spacer\"><\/div>\n\n\n\n<h2 class=\"wp-block-heading has-contrast-2-color has-text-color has-link-color has-large-font-size wp-elements-7a55ee27c581efc0be636a962a700753\"><strong>Terms of Use<\/strong><\/h2>\n\n\n\n<p>Use of the Website grants you the status of <strong>User<\/strong> and implies full acceptance of all the clauses and terms of use included in the following pages:<\/p>\n\n\n\n<ul class=\"wp-block-list\">\n<li><a href=\"https:\/\/dondersteen-resort.com\/en\/aviso-legal\/\">Legal Notice<\/a><\/li>\n\n\n\n<li><a href=\"https:\/\/dondersteen-resort.com\/en\/politica-privacidad\/\">Privacy Policy<\/a><\/li>\n\n\n\n<li><a href=\"https:\/\/dondersteen-resort.com\/en\/politica-de-cookies\/\">Cookie Policy<\/a><\/li>\n<\/ul>\n\n\n\n<p>If you do not agree with each and every one of these clauses and conditions, please refrain from using the Website.<\/p>\n\n\n\n<p>Access to the Website does not, in any way, imply the beginning of a commercial relationship with the Owner.<\/p>\n\n\n\n<p>Through the Website, the Owner provides access to and use of various content published on the Internet by the Owner and\/or its collaborators.<\/p>\n\n\n\n<p>You agree <strong>NOT<\/strong> to use any of the Website content for illegal or prohibited purposes under this Legal Notice or applicable law; or in ways that may harm the rights and interests of third parties, or that could damage, disable, overload, deteriorate, or impede the normal use of the content, computer equipment, or documents, files and all kinds of content stored on any computer owned or contracted by the Owner, other users, or any Internet user.<\/p>\n\n\n\n<div style=\"height:30px\" aria-hidden=\"true\" class=\"wp-block-spacer\"><\/div>\n\n\n\n<h2 class=\"wp-block-heading has-contrast-2-color has-text-color has-link-color has-large-font-size wp-elements-9de31ca45b57117ecae700fc391a61bf\"><strong>Security Measures<\/strong><\/h2>\n\n\n\n<p>Personal data you provide to the Owner may be stored in automated or non-automated databases owned exclusively by the Owner, who adopts all technical, organizational, and security measures that guarantee the confidentiality, integrity, and quality of the information in accordance with current data protection regulations.<\/p>\n\n\n\n<p>However, you should be aware that Internet computer system security measures are not completely reliable, and therefore the Owner cannot guarantee the absence of viruses or other elements that may cause alterations to the User\u2019s computer systems (software and hardware) or to their electronic documents and files, despite the Owner using all necessary means and taking the appropriate security measures to prevent the presence of such harmful elements.<\/p>\n\n\n\n<div style=\"height:30px\" aria-hidden=\"true\" class=\"wp-block-spacer\"><\/div>\n\n\n\n<h2 class=\"wp-block-heading has-contrast-2-color has-text-color has-link-color has-large-font-size wp-elements-a25c494c6614069c9d97f673bcd141fe\"><strong>Personal Data Processing<\/strong><\/h2>\n\n\n\n<p>You can consult all information relating to the processing of personal data collected by the Owner on the <strong><a href=\"https:\/\/dondersteen-resort.com\/en\/politica-privacidad\/\">Privacy Policy<\/a><\/strong> page.<\/p>\n\n\n\n<div style=\"height:30px\" aria-hidden=\"true\" class=\"wp-block-spacer\"><\/div>\n\n\n\n<h2 class=\"wp-block-heading has-contrast-2-color has-text-color has-link-color has-large-font-size wp-elements-2856612f7b72c4ecf9fc46ad9c7c6dd1\"><strong>Content<\/strong><\/h2>\n\n\n\n<p>The Owner has obtained the information, multimedia content, and materials included on the Website from sources it considers reliable; however, while all reasonable measures have been taken to ensure that the information contained is correct, the Owner does not guarantee that it is accurate, complete, or updated. The Owner expressly declines any liability for errors or omissions in the information contained on the Website pages.<\/p>\n\n\n\n<p>It is prohibited to transmit or send through the Website any unlawful or illegal content, computer viruses, or messages which, in general, affect or violate the rights of the Owner or third parties.<\/p>\n\n\n\n<p>The content of the Website is for informational purposes only and under no circumstances should it be used or considered as an offer of sale, a request for an offer to buy, or a recommendation to carry out any other transaction, unless expressly indicated.<\/p>\n\n\n\n<p>The Owner reserves the right to modify, suspend, cancel, or restrict the Website content, links, or information obtained through the Website, without prior notice.<\/p>\n\n\n\n<p>The Owner is not responsible for any damages that may arise from the use of the information on the Website.<\/p>\n\n\n\n<div style=\"height:30px\" aria-hidden=\"true\" class=\"wp-block-spacer\"><\/div>\n\n\n\n<h2 class=\"wp-block-heading has-contrast-2-color has-text-color has-link-color has-large-font-size wp-elements-d7407a2cac851ee03e8b2f8ad34d26bf\"><strong>Cookie Policy<\/strong><\/h2>\n\n\n\n<p>You can consult all information relating to the collection and processing of cookies on the <strong><a href=\"https:\/\/dondersteen-resort.com\/en\/politica-de-cookies\/\">Cookie Policy<\/a><\/strong> page.<\/p>\n\n\n\n<div style=\"height:30px\" aria-hidden=\"true\" class=\"wp-block-spacer\"><\/div>\n\n\n\n<h2 class=\"wp-block-heading has-contrast-2-color has-text-color has-link-color has-large-font-size wp-elements-632cda520f4a11bce4d3801ac7f105d3\"><strong>Links to Other Websites<\/strong><\/h2>\n\n\n\n<p>The Owner may provide access to third-party websites via links for the sole purpose of informing you of the existence of other sources of information on the Internet where you can expand upon the data offered on the Website.<\/p>\n\n\n\n<p>These links to other websites do not, under any circumstances, constitute a suggestion or recommendation to visit the destination pages, which are outside the control of the Owner. Therefore, the Owner is not responsible for the content of linked websites or the result you obtain by following the links. Likewise, the Owner is not responsible for the links located on the linked sites to which it provides access.<\/p>\n\n\n\n<p>The establishment of a link does not in any case imply the existence of a relationship between the Owner and the owner of the site where the link is established, nor the acceptance or approval by the Owner of its contents or services.<\/p>\n\n\n\n<p>If you access an external website from a link on this Website, you must read that site\u2019s own privacy policy, which may differ from this Website\u2019s policy.<\/p>\n\n\n\n<div style=\"height:30px\" aria-hidden=\"true\" class=\"wp-block-spacer\"><\/div>\n\n\n\n<h2 class=\"wp-block-heading has-contrast-2-color has-text-color has-link-color has-large-font-size wp-elements-13481f7be587315d6635a1ee30e783ae\"><strong>Intellectual and Industrial Property<\/strong><\/h2>\n\n\n\n<p>All rights reserved.<\/p>\n\n\n\n<p>Access to this Website is subject to the following conditions: reproduction, permanent storage, and dissemination of the contents, or any other use for public or commercial purposes, is expressly prohibited without the prior, express, and written consent of the Owner.<\/p>\n\n\n\n<div style=\"height:30px\" aria-hidden=\"true\" class=\"wp-block-spacer\"><\/div>\n\n\n\n<h2 class=\"wp-block-heading has-contrast-2-color has-text-color has-link-color has-large-font-size wp-elements-25c83a81363d75a0f992c14aa711903a\"><strong>Limitation of Liability<\/strong><\/h2>\n\n\n\n<p>The Owner declines any liability in the event of interruptions or malfunction of the services or content offered on the Internet, regardless of the cause. Likewise, the Owner is not responsible for network outages, business losses resulting from such outages, temporary power failures, or any other type of indirect damage that may be caused by reasons beyond the Owner\u2019s control.<\/p>\n\n\n\n<p>Before making decisions and\/or taking actions based on the information included on the Website, the Owner recommends checking and comparing the information with other sources.<\/p>\n\n\n\n<div style=\"height:30px\" aria-hidden=\"true\" class=\"wp-block-spacer\"><\/div>\n\n\n\n<h2 class=\"wp-block-heading has-contrast-2-color has-text-color has-link-color has-large-font-size wp-elements-dbe1b311be720445ef851f631d0513de\"><strong>Jurisdiction<\/strong><\/h2>\n\n\n\n<p>This Legal Notice is governed entirely by <strong>Spanish law<\/strong>.<\/p>\n\n\n\n<div style=\"height:30px\" aria-hidden=\"true\" class=\"wp-block-spacer\"><\/div>\n\n\n\n<h2 class=\"wp-block-heading has-contrast-2-color has-text-color has-link-color has-large-font-size wp-elements-6f6ff4f35f57f94e6da077c7bf9574da\"><strong>Contact<\/strong><\/h2>\n\n\n\n<p>If you have any questions about this Legal Notice or wish to make any comments about the Website, you can send an email to: <strong><a href=\"mailto:info@dondersteen-resort.com\">info@dondersteen-resort.com<\/a><\/strong>.<\/p>\n\n\n\n<div style=\"height:40px\" aria-hidden=\"true\" class=\"wp-block-spacer\"><\/div>\n<\/div>\n","protected":false},"excerpt":{"rendered":"<p>Identification and Ownership In compliance with Article 10 of Law 34\/2002, of 11 July, on Information Society Services and Electronic Commerce, the Owner sets out the following identification details: Terms of Use Use of the Website grants you the status of User and implies full acceptance of all the clauses and terms of use included [&hellip;]<\/p>\n","protected":false},"author":3,"featured_media":0,"parent":0,"menu_order":0,"comment_status":"closed","ping_status":"closed","template":"","meta":{"inline_featured_image":false,"footnotes":""},"class_list":["post-2425","page","type-page","status-publish","hentry"],"yoast_head":"<!-- This site is optimized with the Yoast SEO plugin v26.0 - https:\/\/yoast.com\/wordpress\/plugins\/seo\/ -->\n<title>Legal Notice - Dondersteen Resort<\/title>\n<meta name=\"robots\" content=\"index, follow, max-snippet:-1, max-image-preview:large, max-video-preview:-1\" \/>\n<link rel=\"canonical\" href=\"https:\/\/dondersteen-resort.com\/en\/aviso-legal\/\" \/>\n<meta property=\"og:locale\" content=\"en_US\" \/>\n<meta property=\"og:type\" content=\"article\" \/>\n<meta property=\"og:title\" content=\"Legal Notice - Dondersteen Resort\" \/>\n<meta property=\"og:description\" content=\"Identification and Ownership In compliance with Article 10 of Law 34\/2002, of 11 July, on Information Society Services and Electronic Commerce, the Owner sets out the following identification details: Terms of Use Use of the Website grants you the status of User and implies full acceptance of all the clauses and terms of use included [&hellip;]\" \/>\n<meta property=\"og:url\" content=\"https:\/\/dondersteen-resort.com\/en\/aviso-legal\/\" \/>\n<meta property=\"og:site_name\" content=\"Dondersteen Resort\" \/>\n<meta property=\"article:modified_time\" content=\"2025-10-08T09:24:01+00:00\" \/>\n<meta name=\"twitter:card\" content=\"summary_large_image\" \/>\n<meta name=\"twitter:label1\" content=\"Est. reading time\" \/>\n\t<meta name=\"twitter:data1\" content=\"5 minutes\" \/>\n<script type=\"application\/ld+json\" class=\"yoast-schema-graph\">{\"@context\":\"https:\/\/schema.org\",\"@graph\":[{\"@type\":\"WebPage\",\"@id\":\"https:\/\/dondersteen-resort.com\/en\/aviso-legal\/\",\"url\":\"https:\/\/dondersteen-resort.com\/en\/aviso-legal\/\",\"name\":\"Legal Notice - Dondersteen Resort\",\"isPartOf\":{\"@id\":\"https:\/\/dondersteen-resort.com\/en\/#website\"},\"datePublished\":\"2025-10-07T13:18:38+00:00\",\"dateModified\":\"2025-10-08T09:24:01+00:00\",\"inLanguage\":\"en-US\",\"potentialAction\":[{\"@type\":\"ReadAction\",\"target\":[\"https:\/\/dondersteen-resort.com\/en\/aviso-legal\/\"]}]},{\"@type\":\"WebSite\",\"@id\":\"https:\/\/dondersteen-resort.com\/en\/#website\",\"url\":\"https:\/\/dondersteen-resort.com\/en\/\",\"name\":\"Dondersteen Resort\",\"description\":\"Cam\u00ed de Can Sol\u00e9 Mar\u00ed 6 (anteriormente Cam\u00ed Mas Dorca s\/n), 08480 L\u2019Ametlla del Vall\u00e9s (Barcelona)&lt;br&gt;Reservas hotel: (+34) 645 254 587&lt;br&gt;Reservas Peluquer\u00eda: (+34) 695 57 10 77&lt;br&gt;&lt;a href=&quot;mailto:info@dondersteen-resort.com&quot;&gt;info@dondersteen-resort.com&lt;\/a&gt;&lt;br&gt;\",\"publisher\":{\"@id\":\"https:\/\/dondersteen-resort.com\/en\/#organization\"},\"potentialAction\":[{\"@type\":\"SearchAction\",\"target\":{\"@type\":\"EntryPoint\",\"urlTemplate\":\"https:\/\/dondersteen-resort.com\/en\/?s={search_term_string}\"},\"query-input\":{\"@type\":\"PropertyValueSpecification\",\"valueRequired\":true,\"valueName\":\"search_term_string\"}}],\"inLanguage\":\"en-US\"},{\"@type\":\"Organization\",\"@id\":\"https:\/\/dondersteen-resort.com\/en\/#organization\",\"name\":\"Dondersteen Resort\",\"url\":\"https:\/\/dondersteen-resort.com\/en\/\",\"logo\":{\"@type\":\"ImageObject\",\"inLanguage\":\"en-US\",\"@id\":\"https:\/\/dondersteen-resort.com\/en\/#\/schema\/logo\/image\/\",\"url\":\"https:\/\/dondersteen-resort.com\/wp-content\/uploads\/2024\/07\/dondersteen-resort-logo-menu.png\",\"contentUrl\":\"https:\/\/dondersteen-resort.com\/wp-content\/uploads\/2024\/07\/dondersteen-resort-logo-menu.png\",\"width\":792,\"height\":292,\"caption\":\"Dondersteen Resort\"},\"image\":{\"@id\":\"https:\/\/dondersteen-resort.com\/en\/#\/schema\/logo\/image\/\"}}]}<\/script>\n<!-- \/ Yoast SEO plugin. -->","yoast_head_json":{"title":"Legal Notice - Dondersteen Resort","robots":{"index":"index","follow":"follow","max-snippet":"max-snippet:-1","max-image-preview":"max-image-preview:large","max-video-preview":"max-video-preview:-1"},"canonical":"https:\/\/dondersteen-resort.com\/en\/aviso-legal\/","og_locale":"en_US","og_type":"article","og_title":"Legal Notice - Dondersteen Resort","og_description":"Identification and Ownership In compliance with Article 10 of Law 34\/2002, of 11 July, on Information Society Services and Electronic Commerce, the Owner sets out the following identification details: Terms of Use Use of the Website grants you the status of User and implies full acceptance of all the clauses and terms of use included [&hellip;]","og_url":"https:\/\/dondersteen-resort.com\/en\/aviso-legal\/","og_site_name":"Dondersteen Resort","article_modified_time":"2025-10-08T09:24:01+00:00","twitter_card":"summary_large_image","twitter_misc":{"Est. reading time":"5 minutes"},"schema":{"@context":"https:\/\/schema.org","@graph":[{"@type":"WebPage","@id":"https:\/\/dondersteen-resort.com\/en\/aviso-legal\/","url":"https:\/\/dondersteen-resort.com\/en\/aviso-legal\/","name":"Legal Notice - Dondersteen Resort","isPartOf":{"@id":"https:\/\/dondersteen-resort.com\/en\/#website"},"datePublished":"2025-10-07T13:18:38+00:00","dateModified":"2025-10-08T09:24:01+00:00","inLanguage":"en-US","potentialAction":[{"@type":"ReadAction","target":["https:\/\/dondersteen-resort.com\/en\/aviso-legal\/"]}]},{"@type":"WebSite","@id":"https:\/\/dondersteen-resort.com\/en\/#website","url":"https:\/\/dondersteen-resort.com\/en\/","name":"Dondersteen Resort","description":"Cam\u00ed de Can Sol\u00e9 Mar\u00ed 6 (anteriormente Cam\u00ed Mas Dorca s\/n), 08480 L\u2019Ametlla del Vall\u00e9s (Barcelona)&lt;br&gt;Reservas hotel: (+34) 645 254 587&lt;br&gt;Reservas Peluquer\u00eda: (+34) 695 57 10 77&lt;br&gt;&lt;a href=&quot;mailto:info@dondersteen-resort.com&quot;&gt;info@dondersteen-resort.com&lt;\/a&gt;&lt;br&gt;","publisher":{"@id":"https:\/\/dondersteen-resort.com\/en\/#organization"},"potentialAction":[{"@type":"SearchAction","target":{"@type":"EntryPoint","urlTemplate":"https:\/\/dondersteen-resort.com\/en\/?s={search_term_string}"},"query-input":{"@type":"PropertyValueSpecification","valueRequired":true,"valueName":"search_term_string"}}],"inLanguage":"en-US"},{"@type":"Organization","@id":"https:\/\/dondersteen-resort.com\/en\/#organization","name":"Dondersteen Resort","url":"https:\/\/dondersteen-resort.com\/en\/","logo":{"@type":"ImageObject","inLanguage":"en-US","@id":"https:\/\/dondersteen-resort.com\/en\/#\/schema\/logo\/image\/","url":"https:\/\/dondersteen-resort.com\/wp-content\/uploads\/2024\/07\/dondersteen-resort-logo-menu.png","contentUrl":"https:\/\/dondersteen-resort.com\/wp-content\/uploads\/2024\/07\/dondersteen-resort-logo-menu.png","width":792,"height":292,"caption":"Dondersteen Resort"},"image":{"@id":"https:\/\/dondersteen-resort.com\/en\/#\/schema\/logo\/image\/"}}]}},"_links":{"self":[{"href":"https:\/\/dondersteen-resort.com\/en\/wp-json\/wp\/v2\/pages\/2425","targetHints":{"allow":["GET"]}}],"collection":[{"href":"https:\/\/dondersteen-resort.com\/en\/wp-json\/wp\/v2\/pages"}],"about":[{"href":"https:\/\/dondersteen-resort.com\/en\/wp-json\/wp\/v2\/types\/page"}],"author":[{"embeddable":true,"href":"https:\/\/dondersteen-resort.com\/en\/wp-json\/wp\/v2\/users\/3"}],"replies":[{"embeddable":true,"href":"https:\/\/dondersteen-resort.com\/en\/wp-json\/wp\/v2\/comments?post=2425"}],"version-history":[{"count":3,"href":"https:\/\/dondersteen-resort.com\/en\/wp-json\/wp\/v2\/pages\/2425\/revisions"}],"predecessor-version":[{"id":2430,"href":"https:\/\/dondersteen-resort.com\/en\/wp-json\/wp\/v2\/pages\/2425\/revisions\/2430"}],"wp:attachment":[{"href":"https:\/\/dondersteen-resort.com\/en\/wp-json\/wp\/v2\/media?parent=2425"}],"curies":[{"name":"wp","href":"https:\/\/api.w.org\/{rel}","templated":true}]}}